{"id":6308,"date":"2025-06-18T18:53:32","date_gmt":"2025-06-18T21:53:32","guid":{"rendered":"https:\/\/florencioperez.org\/?page_id=6308"},"modified":"2026-01-26T17:23:42","modified_gmt":"2026-01-26T20:23:42","slug":"dona","status":"publish","type":"page","link":"https:\/\/florencioperez.org\/index.php\/dona\/","title":{"rendered":"Don\u00e1"},"content":{"rendered":"\t\t<div data-elementor-type=\"wp-page\" data-elementor-id=\"6308\" class=\"elementor elementor-6308\">\n\t\t\t\t<div class=\"elementor-element elementor-element-2c7804c e-flex e-con-boxed e-con e-parent\" data-id=\"2c7804c\" data-element_type=\"container\">\n\t\t\t\t\t<div class=\"e-con-inner\">\n\t\t\t\t<div class=\"elementor-element elementor-element-3f2401f elementor-widget elementor-widget-heading\" data-id=\"3f2401f\" data-element_type=\"widget\" data-widget_type=\"heading.default\">\n\t\t\t\t<div class=\"elementor-widget-container\">\n\t\t\t\t\t<h2 class=\"elementor-heading-title elementor-size-default\">\u00a0Don\u00e1 y marc\u00e1 la diferencia<\/h2>\t\t\t\t<\/div>\n\t\t\t\t<\/div>\n\t\t\t\t\t<\/div>\n\t\t\t\t<\/div>\n\t\t<div class=\"elementor-element elementor-element-00966cf e-flex e-con-boxed e-con e-parent\" data-id=\"00966cf\" data-element_type=\"container\">\n\t\t\t\t\t<div class=\"e-con-inner\">\n\t\t<div class=\"elementor-element elementor-element-c74e95d e-con-full e-flex e-con e-child\" data-id=\"c74e95d\" data-element_type=\"container\">\n\t\t\t\t<div class=\"elementor-element elementor-element-dc31d12 elementor-widget elementor-widget-image\" data-id=\"dc31d12\" data-element_type=\"widget\" data-widget_type=\"image.default\">\n\t\t\t\t<div class=\"elementor-widget-container\">\n\t\t\t\t\t\t\t\t\t\t\t\t\t\t\t<img fetchpriority=\"high\" decoding=\"async\" width=\"640\" height=\"428\" src=\"https:\/\/florencioperez.org\/wp-content\/uploads\/2025\/06\/amigos-de-alto-angulo-mostrando-las-manos-para-la-camara-768x513.jpg\" class=\"attachment-medium_large size-medium_large wp-image-6319\" alt=\"\" srcset=\"https:\/\/florencioperez.org\/wp-content\/uploads\/2025\/06\/amigos-de-alto-angulo-mostrando-las-manos-para-la-camara-768x513.jpg 768w, https:\/\/florencioperez.org\/wp-content\/uploads\/2025\/06\/amigos-de-alto-angulo-mostrando-las-manos-para-la-camara-300x200.jpg 300w, https:\/\/florencioperez.org\/wp-content\/uploads\/2025\/06\/amigos-de-alto-angulo-mostrando-las-manos-para-la-camara-1024x683.jpg 1024w, https:\/\/florencioperez.org\/wp-content\/uploads\/2025\/06\/amigos-de-alto-angulo-mostrando-las-manos-para-la-camara-1536x1025.jpg 1536w, https:\/\/florencioperez.org\/wp-content\/uploads\/2025\/06\/amigos-de-alto-angulo-mostrando-las-manos-para-la-camara-2048x1367.jpg 2048w, https:\/\/florencioperez.org\/wp-content\/uploads\/2025\/06\/amigos-de-alto-angulo-mostrando-las-manos-para-la-camara-600x400.jpg 600w\" sizes=\"(max-width: 640px) 100vw, 640px\" \/>\t\t\t\t\t\t\t\t\t\t\t\t\t\t\t<\/div>\n\t\t\t\t<\/div>\n\t\t\t\t<\/div>\n\t\t<div class=\"elementor-element elementor-element-424b46a e-con-full e-flex e-con e-child\" data-id=\"424b46a\" data-element_type=\"container\">\n\t\t\t\t<div class=\"elementor-element elementor-element-86e1f7d elementor-widget elementor-widget-spacer\" data-id=\"86e1f7d\" data-element_type=\"widget\" data-widget_type=\"spacer.default\">\n\t\t\t\t<div class=\"elementor-widget-container\">\n\t\t\t\t\t\t\t<div class=\"elementor-spacer\">\n\t\t\t<div class=\"elementor-spacer-inner\"><\/div>\n\t\t<\/div>\n\t\t\t\t\t\t<\/div>\n\t\t\t\t<\/div>\n\t\t\t\t<div class=\"elementor-element elementor-element-8fd523a elementor-widget elementor-widget-text-editor\" data-id=\"8fd523a\" data-element_type=\"widget\" data-widget_type=\"text-editor.default\">\n\t\t\t\t<div class=\"elementor-widget-container\">\n\t\t\t\t\t\t\t\t\t<p data-start=\"110\" data-end=\"186\">En Fundaci\u00f3n Florencio P\u00e9rez creemos que cada ni\u00f1o merece crecer con oportunidades, afecto y esperanza. Con tu ayuda construimos espacios educativos, brindamos contenci\u00f3n emocional y acompa\u00f1amos a los ni\u00f1os de la comunidad en su desarrollo integral.<\/p><p data-start=\"110\" data-end=\"186\"><strong data-start=\"996\" data-end=\"1057\">Queremos que formes parte de nuestra comunidad solidaria.<\/strong> Tu donaci\u00f3n peque\u00f1a o grande genera un impacto real en la vida de muchos chicos que sue\u00f1an, aprenden y se acompa\u00f1an.<\/p><p data-start=\"110\" data-end=\"186\">Tu apoyo nos permite seguir sembrando futuros.<\/p>\t\t\t\t\t\t\t\t<\/div>\n\t\t\t\t<\/div>\n\t\t\t\t<\/div>\n\t\t\t\t\t<\/div>\n\t\t\t\t<\/div>\n\t\t<div class=\"elementor-element elementor-element-7831045 e-flex e-con-boxed e-con e-parent\" data-id=\"7831045\" data-element_type=\"container\">\n\t\t\t\t\t<div class=\"e-con-inner\">\n\t\t\t\t<div class=\"elementor-element elementor-element-24d90c5 elementor-widget elementor-widget-heading\" data-id=\"24d90c5\" data-element_type=\"widget\" data-widget_type=\"heading.default\">\n\t\t\t\t<div class=\"elementor-widget-container\">\n\t\t\t\t\t<h2 class=\"elementor-heading-title elementor-size-default\">\u00bfPor qu\u00e9 donar?<\/h2>\t\t\t\t<\/div>\n\t\t\t\t<\/div>\n\t\t\t\t\t<\/div>\n\t\t\t\t<\/div>\n\t\t<div class=\"elementor-element elementor-element-c62cffe e-flex e-con-boxed e-con e-parent\" data-id=\"c62cffe\" data-element_type=\"container\">\n\t\t\t\t\t<div class=\"e-con-inner\">\n\t\t\t\t<div class=\"elementor-element elementor-element-9826bdc elementor-widget elementor-widget-text-editor\" data-id=\"9826bdc\" data-element_type=\"widget\" data-widget_type=\"text-editor.default\">\n\t\t\t\t<div class=\"elementor-widget-container\">\n\t\t\t\t\t\t\t\t\t<ul><li data-start=\"220\" data-end=\"296\"><span class=\"relative -mx-px my-[-0.2rem] rounded px-px py-[0.2rem] transition-colors duration-100 ease-in-out\"><strong data-start=\"0\" data-end=\"36\" data-is-only-node=\"\">Promovemos una infancia integral<\/strong>: impulsamos actividades formativas y recreativas, apuntando al desarrollo f\u00edsico, intelectual y emocional<\/span> .<\/li><li data-start=\"220\" data-end=\"296\"><strong data-start=\"0\" data-end=\"29\" data-is-only-node=\"\">Apuntamos a la prevenci\u00f3n<\/strong>: capacitamos a j\u00f3venes y referentes de clubes para evitar adicciones y fomentar h\u00e1bitos saludables<\/li><li data-start=\"220\" data-end=\"296\"><span class=\"relative -mx-px my-[-0.2rem] rounded px-px py-[0.2rem] transition-colors duration-100 ease-in-out\"><strong data-start=\"0\" data-end=\"26\" data-is-only-node=\"\">Acompa\u00f1amos en familia<\/strong>: apoyamos tanto al ni\u00f1o como a su entorno, fortaleciendo v\u00ednculos y recursos comunitarios<\/span>.<\/li><\/ul>\t\t\t\t\t\t\t\t<\/div>\n\t\t\t\t<\/div>\n\t\t\t\t<div class=\"elementor-element elementor-element-6b458e5 elementor-arrows-position-inside elementor-pagination-position-outside elementor-widget elementor-widget-image-carousel\" data-id=\"6b458e5\" data-element_type=\"widget\" data-settings=\"{&quot;slides_to_show&quot;:&quot;2&quot;,&quot;navigation&quot;:&quot;both&quot;,&quot;autoplay&quot;:&quot;yes&quot;,&quot;pause_on_hover&quot;:&quot;yes&quot;,&quot;pause_on_interaction&quot;:&quot;yes&quot;,&quot;autoplay_speed&quot;:5000,&quot;infinite&quot;:&quot;yes&quot;,&quot;speed&quot;:500}\" data-widget_type=\"image-carousel.default\">\n\t\t\t\t<div class=\"elementor-widget-container\">\n\t\t\t\t\t\t\t<div class=\"elementor-image-carousel-wrapper swiper\" role=\"region\" aria-roledescription=\"carousel\" aria-label=\"Carrusel de im\u00e1genes\" dir=\"ltr\">\n\t\t\t<div class=\"elementor-image-carousel swiper-wrapper\" aria-live=\"off\">\n\t\t\t\t\t\t\t\t<div class=\"swiper-slide\" role=\"group\" aria-roledescription=\"slide\" aria-label=\"1 of 4\"><figure class=\"swiper-slide-inner\"><img decoding=\"async\" class=\"swiper-slide-image\" src=\"https:\/\/florencioperez.org\/wp-content\/uploads\/2025\/06\/voluntarios-de-tiro-medio-con-donaciones-768x512.jpg\" alt=\"voluntarios-de-tiro-medio-con-donaciones\" \/><\/figure><\/div><div class=\"swiper-slide\" role=\"group\" aria-roledescription=\"slide\" aria-label=\"2 of 4\"><figure class=\"swiper-slide-inner\"><img decoding=\"async\" class=\"swiper-slide-image\" src=\"https:\/\/florencioperez.org\/wp-content\/uploads\/2025\/06\/los-ninos-se-ensucian-las-manos-despues-de-plantar1-768x512.jpg\" alt=\"los-ninos-se-ensucian-las-manos-despues-de-plantar(1)\" \/><\/figure><\/div><div class=\"swiper-slide\" role=\"group\" aria-roledescription=\"slide\" aria-label=\"3 of 4\"><figure class=\"swiper-slide-inner\"><img decoding=\"async\" class=\"swiper-slide-image\" src=\"https:\/\/florencioperez.org\/wp-content\/uploads\/2025\/06\/ninos-sonrientes-de-vista-lateral-aplaudiendo-768x512.jpg\" alt=\"ninos-sonrientes-de-vista-lateral-aplaudiendo\" \/><\/figure><\/div><div class=\"swiper-slide\" role=\"group\" aria-roledescription=\"slide\" aria-label=\"4 of 4\"><figure class=\"swiper-slide-inner\"><img decoding=\"async\" class=\"swiper-slide-image\" src=\"https:\/\/florencioperez.org\/wp-content\/uploads\/2025\/06\/ninos-explorando-juntos-la-naturaleza-768x512.jpg\" alt=\"ninos-explorando-juntos-la-naturaleza\" \/><\/figure><\/div>\t\t\t<\/div>\n\t\t\t\t\t\t\t\t\t\t\t\t<div class=\"elementor-swiper-button elementor-swiper-button-prev\" role=\"button\" tabindex=\"0\">\n\t\t\t\t\t\t<i aria-hidden=\"true\" class=\"eicon-chevron-left\"><\/i>\t\t\t\t\t<\/div>\n\t\t\t\t\t<div class=\"elementor-swiper-button elementor-swiper-button-next\" role=\"button\" tabindex=\"0\">\n\t\t\t\t\t\t<i aria-hidden=\"true\" class=\"eicon-chevron-right\"><\/i>\t\t\t\t\t<\/div>\n\t\t\t\t\n\t\t\t\t\t\t\t\t\t<div class=\"swiper-pagination\"><\/div>\n\t\t\t\t\t\t\t\t\t<\/div>\n\t\t\t\t\t\t<\/div>\n\t\t\t\t<\/div>\n\t\t\t\t\t<\/div>\n\t\t\t\t<\/div>\n\t\t<div class=\"elementor-element elementor-element-c17d283 e-flex e-con-boxed e-con e-parent\" data-id=\"c17d283\" data-element_type=\"container\">\n\t\t\t\t\t<div class=\"e-con-inner\">\n\t\t\t\t<div class=\"elementor-element elementor-element-f765458 elementor-widget elementor-widget-heading\" data-id=\"f765458\" data-element_type=\"widget\" data-widget_type=\"heading.default\">\n\t\t\t\t<div class=\"elementor-widget-container\">\n\t\t\t\t\t<h2 class=\"elementor-heading-title elementor-size-default\">C\u00f3mo Donar<\/h2>\t\t\t\t<\/div>\n\t\t\t\t<\/div>\n\t\t\t\t\t<\/div>\n\t\t\t\t<\/div>\n\t\t<div class=\"elementor-element elementor-element-89f5cd9 e-flex e-con-boxed e-con e-parent\" data-id=\"89f5cd9\" data-element_type=\"container\">\n\t\t\t\t\t<div class=\"e-con-inner\">\n\t\t\t\t<div class=\"elementor-element elementor-element-2e2bb0a elementor-widget elementor-widget-text-editor\" data-id=\"2e2bb0a\" data-element_type=\"widget\" data-widget_type=\"text-editor.default\">\n\t\t\t\t<div class=\"elementor-widget-container\">\n\t\t\t\t\t\t\t\t\t<p data-start=\"482\" data-end=\"660\"><strong>1.<\/strong> <strong>Por <span class=\"relative -mx-px my-[-0.2rem] rounded px-px py-[0.2rem] transition-colors duration-100 ease-in-out\">transferencia bancaria o dep\u00f3sito<\/span><\/strong><br data-start=\"525\" data-end=\"528\" \/><span class=\"relative -mx-px my-[-0.2rem] rounded px-px py-[0.2rem] transition-colors duration-100 ease-in-out\">Solicit\u00e1 nuestros datos comunic\u00e1ndote al: <\/span><span class=\"relative -mx-px my-[-0.2rem] rounded px-px py-[0.2rem] transition-colors duration-100 ease-in-out\"><strong data-start=\"9\" data-end=\"36\" data-is-last-node=\"\"><a href=\"mailto:info@florencioperez.org\" data-start=\"11\" data-end=\"34\" data-is-only-node=\"\">info@florencioperez.org<\/a><\/strong><\/span><\/p><p data-start=\"665\" data-end=\"749\"><span class=\"relative -mx-px my-[-0.2rem] rounded px-px py-[0.2rem] transition-colors duration-100 ease-in-out\"><strong data-start=\"0\" data-end=\"29\" data-is-last-node=\"\" data-is-only-node=\"\">2. Don\u00e1 materiales o insumos<\/strong><\/span><br data-start=\"704\" data-end=\"707\" \/><span class=\"relative -mx-px my-[-0.2rem] rounded px-px py-[0.2rem] transition-colors duration-100 ease-in-out\">Siempre hay espacio para \u00fatiles, alimentos no perecederos, indumentaria o medicamentos.\u00a0<\/span><\/p><p data-start=\"754\" data-end=\"838\"><span class=\"relative -mx-px my-[-0.2rem] rounded px-px py-[0.2rem] transition-colors duration-100 ease-in-out\"><strong data-start=\"0\" data-end=\"39\" data-is-last-node=\"\" data-is-only-node=\"\">3. Sumate como voluntario o benefactor<\/strong><\/span><br data-start=\"793\" data-end=\"796\" \/><span class=\"relative -mx-px my-[-0.2rem] rounded px-px py-[0.2rem] transition-colors duration-100 ease-in-out\">Apoyanos en eventos, cursos, actividades en clubes o campa\u00f1as en hospitales.<\/span><\/p><p data-start=\"754\" data-end=\"838\"><span class=\"relative -mx-px my-[-0.2rem] rounded px-px py-[0.2rem] transition-colors duration-100 ease-in-out\"><strong data-start=\"0\" data-end=\"39\" data-is-last-node=\"\" data-is-only-node=\"\">4. Por Mercado Pago a nuestra cuenta<\/strong><\/span><br data-start=\"793\" data-end=\"796\" \/><span class=\"relative -mx-px my-[-0.2rem] rounded px-px py-[0.2rem] transition-colors duration-100 ease-in-out\">Presionar bot\u00f3n<\/span><\/p>\t\t\t\t\t\t\t\t<\/div>\n\t\t\t\t<\/div>\n\t\t\t\t<div class=\"elementor-element elementor-element-eb78c1f elementor-widget elementor-widget-ct_button\" data-id=\"eb78c1f\" data-element_type=\"widget\" data-widget_type=\"ct_button.default\">\n\t\t\t\t<div class=\"elementor-widget-container\">\n\t\t\t\t\t<div id=\"ct_button-eb78c1f\" class=\"ct-button-wrapper ct-button-layout1 icon- btn--inline \">\r\n    <div class=\"ct-inline-css\"  data-css=\"\r\n        \">\r\n    <\/div>\r\n            <span class=\"ct-icon-active\"><\/span>\r\n        <a href=\"http:\/\/link.mercadopago.com.ar\/florencioperezffp\" class=\"btn btn-default icon-active btn-inline-block  \" data-wow-delay=\"ms\">\r\n                            <span class=\"ct-button-icon ct-align-icon-\">\r\n                            <\/span>\r\n                <span class=\"ct-button-text\">DONAR AHORA<\/span>\r\n    <\/a>\r\n<\/div>\t\t\t\t<\/div>\n\t\t\t\t<\/div>\n\t\t\t\t\t<\/div>\n\t\t\t\t<\/div>\n\t\t\t\t<\/div>\n\t\t","protected":false},"excerpt":{"rendered":"<p>\u00a0Don\u00e1 y marc\u00e1 la diferencia En Fundaci\u00f3n Florencio P\u00e9rez creemos que cada ni\u00f1o merece crecer con oportunidades, afecto y esperanza. Con tu ayuda construimos espacios educativos, brindamos contenci\u00f3n emocional y acompa\u00f1amos a los ni\u00f1os de la comunidad en su desarrollo integral. Queremos que formes parte de nuestra comunidad solidaria. Tu donaci\u00f3n peque\u00f1a o grande genera [&hellip;]<\/p>\n","protected":false},"author":6,"featured_media":0,"parent":0,"menu_order":0,"comment_status":"closed","ping_status":"closed","template":"","meta":{"footnotes":""},"class_list":["post-6308","page","type-page","status-publish","hentry"],"_links":{"self":[{"href":"https:\/\/florencioperez.org\/index.php\/wp-json\/wp\/v2\/pages\/6308","targetHints":{"allow":["GET"]}}],"collection":[{"href":"https:\/\/florencioperez.org\/index.php\/wp-json\/wp\/v2\/pages"}],"about":[{"href":"https:\/\/florencioperez.org\/index.php\/wp-json\/wp\/v2\/types\/page"}],"author":[{"embeddable":true,"href":"https:\/\/florencioperez.org\/index.php\/wp-json\/wp\/v2\/users\/6"}],"replies":[{"embeddable":true,"href":"https:\/\/florencioperez.org\/index.php\/wp-json\/wp\/v2\/comments?post=6308"}],"version-history":[{"count":12,"href":"https:\/\/florencioperez.org\/index.php\/wp-json\/wp\/v2\/pages\/6308\/revisions"}],"predecessor-version":[{"id":6464,"href":"https:\/\/florencioperez.org\/index.php\/wp-json\/wp\/v2\/pages\/6308\/revisions\/6464"}],"wp:attachment":[{"href":"https:\/\/florencioperez.org\/index.php\/wp-json\/wp\/v2\/media?parent=6308"}],"curies":[{"name":"wp","href":"https:\/\/api.w.org\/{rel}","templated":true}]}}