{"id":6298,"date":"2025-03-06T18:14:05","date_gmt":"2025-03-06T21:14:05","guid":{"rendered":"https:\/\/florencioperez.org\/?page_id=6298"},"modified":"2025-06-18T16:03:19","modified_gmt":"2025-06-18T19:03:19","slug":"donacion-a-hospitales","status":"publish","type":"page","link":"https:\/\/florencioperez.org\/index.php\/donacion-a-hospitales\/","title":{"rendered":"Donaci\u00f3n a Hospitales"},"content":{"rendered":"\t\t<div data-elementor-type=\"wp-page\" data-elementor-id=\"6298\" class=\"elementor elementor-6298\">\n\t\t\t\t<div class=\"elementor-element elementor-element-00966cf e-flex e-con-boxed e-con e-parent\" data-id=\"00966cf\" data-element_type=\"container\">\n\t\t\t\t\t<div class=\"e-con-inner\">\n\t\t<div class=\"elementor-element elementor-element-c74e95d e-con-full e-flex e-con e-child\" data-id=\"c74e95d\" data-element_type=\"container\">\n\t\t\t\t<div class=\"elementor-element elementor-element-8bf27a6 elementor-arrows-position-inside elementor-pagination-position-outside elementor-widget elementor-widget-image-carousel\" data-id=\"8bf27a6\" data-element_type=\"widget\" data-settings=\"{&quot;slides_to_show&quot;:&quot;2&quot;,&quot;navigation&quot;:&quot;both&quot;,&quot;autoplay&quot;:&quot;yes&quot;,&quot;pause_on_hover&quot;:&quot;yes&quot;,&quot;pause_on_interaction&quot;:&quot;yes&quot;,&quot;autoplay_speed&quot;:5000,&quot;infinite&quot;:&quot;yes&quot;,&quot;speed&quot;:500}\" data-widget_type=\"image-carousel.default\">\n\t\t\t\t<div class=\"elementor-widget-container\">\n\t\t\t\t\t\t\t<div class=\"elementor-image-carousel-wrapper swiper\" role=\"region\" aria-roledescription=\"carousel\" aria-label=\"Carrusel de im\u00e1genes\" dir=\"ltr\">\n\t\t\t<div class=\"elementor-image-carousel swiper-wrapper\" aria-live=\"off\">\n\t\t\t\t\t\t\t\t<div class=\"swiper-slide\" role=\"group\" aria-roledescription=\"slide\" aria-label=\"1 of 4\"><figure class=\"swiper-slide-inner\"><img decoding=\"async\" class=\"swiper-slide-image\" src=\"https:\/\/florencioperez.org\/wp-content\/uploads\/2020\/11\/84393581_2729910920422051_64855814350831616_o-768x576.jpg\" alt=\"84393581_2729910920422051_64855814350831616_o\" \/><\/figure><\/div><div class=\"swiper-slide\" role=\"group\" aria-roledescription=\"slide\" aria-label=\"2 of 4\"><figure class=\"swiper-slide-inner\"><img decoding=\"async\" class=\"swiper-slide-image\" src=\"https:\/\/florencioperez.org\/wp-content\/uploads\/2020\/11\/Fundacion-florencio-perez-donaciones-hospital-gutierrez-02-768x576.jpg\" alt=\"Fundacion-florencio-perez-donaciones-hospital-gutierrez-02\" \/><\/figure><\/div><div class=\"swiper-slide\" role=\"group\" aria-roledescription=\"slide\" aria-label=\"3 of 4\"><figure class=\"swiper-slide-inner\"><img decoding=\"async\" class=\"swiper-slide-image\" src=\"https:\/\/florencioperez.org\/wp-content\/uploads\/2020\/11\/fototerapia_fundacion-florencio-perez_01-768x576.jpg\" alt=\"fototerapia_fundacion-florencio-perez_01\" \/><\/figure><\/div><div class=\"swiper-slide\" role=\"group\" aria-roledescription=\"slide\" aria-label=\"4 of 4\"><figure class=\"swiper-slide-inner\"><img decoding=\"async\" class=\"swiper-slide-image\" src=\"https:\/\/florencioperez.org\/wp-content\/uploads\/2020\/11\/bollini_14-768x576.jpg\" alt=\"bollini_14\" \/><\/figure><\/div>\t\t\t<\/div>\n\t\t\t\t\t\t\t\t\t\t\t\t<div class=\"elementor-swiper-button elementor-swiper-button-prev\" role=\"button\" tabindex=\"0\">\n\t\t\t\t\t\t<i aria-hidden=\"true\" class=\"eicon-chevron-left\"><\/i>\t\t\t\t\t<\/div>\n\t\t\t\t\t<div class=\"elementor-swiper-button elementor-swiper-button-next\" role=\"button\" tabindex=\"0\">\n\t\t\t\t\t\t<i aria-hidden=\"true\" class=\"eicon-chevron-right\"><\/i>\t\t\t\t\t<\/div>\n\t\t\t\t\n\t\t\t\t\t\t\t\t\t<div class=\"swiper-pagination\"><\/div>\n\t\t\t\t\t\t\t\t\t<\/div>\n\t\t\t\t\t\t<\/div>\n\t\t\t\t<\/div>\n\t\t\t\t<\/div>\n\t\t<div class=\"elementor-element elementor-element-424b46a e-con-full e-flex e-con e-child\" data-id=\"424b46a\" data-element_type=\"container\">\n\t\t\t\t<div class=\"elementor-element elementor-element-8fd523a elementor-widget elementor-widget-text-editor\" data-id=\"8fd523a\" data-element_type=\"widget\" data-widget_type=\"text-editor.default\">\n\t\t\t\t<div class=\"elementor-widget-container\">\n\t\t\t\t\t\t\t\t\t<p>La cena anual que realizamos todos los a\u00f1os para celebrar el aniversario de nuestra ciudad de La Plata tiene como fin reunir a personas y empresas que quieren a la ciudad y con su solidaridad ayudan a distintos hospitales que necesitan equipamiento para brindar un mejor servicio.<\/p><p>\u00a0<\/p>\t\t\t\t\t\t\t\t<\/div>\n\t\t\t\t<\/div>\n\t\t\t\t<\/div>\n\t\t\t\t\t<\/div>\n\t\t\t\t<\/div>\n\t\t<div class=\"elementor-element elementor-element-c62cffe e-flex e-con-boxed e-con e-parent\" data-id=\"c62cffe\" data-element_type=\"container\">\n\t\t\t\t\t<div class=\"e-con-inner\">\n\t\t\t\t<div class=\"elementor-element elementor-element-9826bdc elementor-widget elementor-widget-text-editor\" data-id=\"9826bdc\" data-element_type=\"widget\" data-widget_type=\"text-editor.default\">\n\t\t\t\t<div class=\"elementor-widget-container\">\n\t\t\t\t\t\t\t\t\t<section class=\"elementor-section elementor-top-section elementor-element elementor-element-138e15c elementor-section-boxed elementor-section-height-default elementor-section-height-default\" data-id=\"138e15c\" data-element_type=\"section\"><div class=\"elementor-container elementor-column-gap-default\"><div class=\"elementor-column elementor-col-100 elementor-top-column elementor-element elementor-element-c3ff43e\" data-id=\"c3ff43e\" data-element_type=\"column\"><div class=\"elementor-widget-wrap elementor-element-populated\"><div class=\"elementor-element elementor-element-07e6d8d elementor-widget elementor-widget-text-editor\" data-id=\"07e6d8d\" data-element_type=\"widget\" data-widget_type=\"text-editor.default\"><div class=\"elementor-widget-container\"><div class=\"gmail_quote\"><div class=\"gmail_attr\" dir=\"ltr\">Algunas donaciones que nuestra Fundaci\u00f3n Florencio P\u00e9rez hizo como: CAPS, Hospital San Mart\u00edn, Alejandro Korn, Hospital Gonnet, Rossi, San Juan Dios, entre otros. <\/div><\/div><\/div><\/div><\/div><\/div><\/div><\/section>\t\t\t\t\t\t\t\t<\/div>\n\t\t\t\t<\/div>\n\t\t\t\t<div class=\"elementor-element elementor-element-c0fd804 elementor-arrows-position-inside elementor-pagination-position-outside elementor-widget elementor-widget-image-carousel\" data-id=\"c0fd804\" data-element_type=\"widget\" data-settings=\"{&quot;slides_to_show&quot;:&quot;2&quot;,&quot;navigation&quot;:&quot;both&quot;,&quot;autoplay&quot;:&quot;yes&quot;,&quot;pause_on_hover&quot;:&quot;yes&quot;,&quot;pause_on_interaction&quot;:&quot;yes&quot;,&quot;autoplay_speed&quot;:5000,&quot;infinite&quot;:&quot;yes&quot;,&quot;speed&quot;:500}\" data-widget_type=\"image-carousel.default\">\n\t\t\t\t<div class=\"elementor-widget-container\">\n\t\t\t\t\t\t\t<div class=\"elementor-image-carousel-wrapper swiper\" role=\"region\" aria-roledescription=\"carousel\" aria-label=\"Carrusel de im\u00e1genes\" dir=\"ltr\">\n\t\t\t<div class=\"elementor-image-carousel swiper-wrapper\" aria-live=\"off\">\n\t\t\t\t\t\t\t\t<div class=\"swiper-slide\" role=\"group\" aria-roledescription=\"slide\" aria-label=\"1 of 5\"><figure class=\"swiper-slide-inner\"><img decoding=\"async\" class=\"swiper-slide-image\" src=\"https:\/\/florencioperez.org\/wp-content\/uploads\/2025\/02\/Screen-Shot-2024-10-14-at-11.13.04-768x609.png\" alt=\"Donaciones Florencio Perez a los CAPS\" \/><\/figure><\/div><div class=\"swiper-slide\" role=\"group\" aria-roledescription=\"slide\" aria-label=\"2 of 5\"><figure class=\"swiper-slide-inner\"><img decoding=\"async\" class=\"swiper-slide-image\" src=\"https:\/\/florencioperez.org\/wp-content\/uploads\/2025\/02\/Screen-Shot-2024-10-14-at-11.12.58-768x626.png\" alt=\"Donaciones Florencio Perez a los CAPS\" \/><\/figure><\/div><div class=\"swiper-slide\" role=\"group\" aria-roledescription=\"slide\" aria-label=\"3 of 5\"><figure class=\"swiper-slide-inner\"><img decoding=\"async\" class=\"swiper-slide-image\" src=\"https:\/\/florencioperez.org\/wp-content\/uploads\/2025\/02\/FP_Donaciones_2-768x768.jpg\" alt=\"Donaciones Florencio Perez a los CAPS\" \/><\/figure><\/div><div class=\"swiper-slide\" role=\"group\" aria-roledescription=\"slide\" aria-label=\"4 of 5\"><figure class=\"swiper-slide-inner\"><img decoding=\"async\" class=\"swiper-slide-image\" src=\"https:\/\/florencioperez.org\/wp-content\/uploads\/2025\/02\/WhatsApp-Image-2024-10-14-at-16.08.31-768x354.jpeg\" alt=\"Donaciones Florencio Perez a los CAPS\" \/><\/figure><\/div><div class=\"swiper-slide\" role=\"group\" aria-roledescription=\"slide\" aria-label=\"5 of 5\"><figure class=\"swiper-slide-inner\"><img decoding=\"async\" class=\"swiper-slide-image\" src=\"https:\/\/florencioperez.org\/wp-content\/uploads\/2025\/02\/vacantes-bachillerato-gonet-fundacion-florencio-perez-2-768x354.jpeg\" alt=\"vacantes bachillerato gonet fundacion florencio perez (2)\" \/><\/figure><\/div>\t\t\t<\/div>\n\t\t\t\t\t\t\t\t\t\t\t\t<div class=\"elementor-swiper-button elementor-swiper-button-prev\" role=\"button\" tabindex=\"0\">\n\t\t\t\t\t\t<i aria-hidden=\"true\" class=\"eicon-chevron-left\"><\/i>\t\t\t\t\t<\/div>\n\t\t\t\t\t<div class=\"elementor-swiper-button elementor-swiper-button-next\" role=\"button\" tabindex=\"0\">\n\t\t\t\t\t\t<i aria-hidden=\"true\" class=\"eicon-chevron-right\"><\/i>\t\t\t\t\t<\/div>\n\t\t\t\t\n\t\t\t\t\t\t\t\t\t<div class=\"swiper-pagination\"><\/div>\n\t\t\t\t\t\t\t\t\t<\/div>\n\t\t\t\t\t\t<\/div>\n\t\t\t\t<\/div>\n\t\t\t\t\t<\/div>\n\t\t\t\t<\/div>\n\t\t\t\t<\/div>\n\t\t","protected":false},"excerpt":{"rendered":"<p>La cena anual que realizamos todos los a\u00f1os para celebrar el aniversario de nuestra ciudad de La Plata tiene como fin reunir a personas y empresas que quieren a la ciudad y con su solidaridad ayudan a distintos hospitales que necesitan equipamiento para brindar un mejor servicio. \u00a0 Algunas donaciones que nuestra Fundaci\u00f3n Florencio P\u00e9rez [&hellip;]<\/p>\n","protected":false},"author":3,"featured_media":0,"parent":0,"menu_order":0,"comment_status":"closed","ping_status":"closed","template":"","meta":{"footnotes":""},"class_list":["post-6298","page","type-page","status-publish","hentry"],"_links":{"self":[{"href":"https:\/\/florencioperez.org\/index.php\/wp-json\/wp\/v2\/pages\/6298","targetHints":{"allow":["GET"]}}],"collection":[{"href":"https:\/\/florencioperez.org\/index.php\/wp-json\/wp\/v2\/pages"}],"about":[{"href":"https:\/\/florencioperez.org\/index.php\/wp-json\/wp\/v2\/types\/page"}],"author":[{"embeddable":true,"href":"https:\/\/florencioperez.org\/index.php\/wp-json\/wp\/v2\/users\/3"}],"replies":[{"embeddable":true,"href":"https:\/\/florencioperez.org\/index.php\/wp-json\/wp\/v2\/comments?post=6298"}],"version-history":[{"count":5,"href":"https:\/\/florencioperez.org\/index.php\/wp-json\/wp\/v2\/pages\/6298\/revisions"}],"predecessor-version":[{"id":6306,"href":"https:\/\/florencioperez.org\/index.php\/wp-json\/wp\/v2\/pages\/6298\/revisions\/6306"}],"wp:attachment":[{"href":"https:\/\/florencioperez.org\/index.php\/wp-json\/wp\/v2\/media?parent=6298"}],"curies":[{"name":"wp","href":"https:\/\/api.w.org\/{rel}","templated":true}]}}