{"id":6047,"date":"2024-03-13T15:37:06","date_gmt":"2024-03-13T18:37:06","guid":{"rendered":"https:\/\/florencioperez.org\/?page_id=6047"},"modified":"2024-03-13T18:37:16","modified_gmt":"2024-03-13T21:37:16","slug":"nosotros","status":"publish","type":"page","link":"https:\/\/florencioperez.org\/index.php\/nosotros\/","title":{"rendered":"Nosotros"},"content":{"rendered":"\t\t<div data-elementor-type=\"wp-page\" data-elementor-id=\"6047\" class=\"elementor elementor-6047\">\n\t\t\t\t<div class=\"elementor-element elementor-element-eb1be13 e-flex e-con-boxed e-con e-parent\" data-id=\"eb1be13\" data-element_type=\"container\">\n\t\t\t\t\t<div class=\"e-con-inner\">\n\t\t<div class=\"elementor-element elementor-element-77618b8 e-con-full e-flex e-con e-child\" data-id=\"77618b8\" data-element_type=\"container\">\n\t\t\t\t<div class=\"elementor-element elementor-element-6f4e3aa elementor-widget elementor-widget-heading\" data-id=\"6f4e3aa\" data-element_type=\"widget\" data-widget_type=\"heading.default\">\n\t\t\t\t<div class=\"elementor-widget-container\">\n\t\t\t\t\t<h2 class=\"elementor-heading-title elementor-size-default\">Acerca de nosotros<\/h2>\t\t\t\t<\/div>\n\t\t\t\t<\/div>\n\t\t\t\t<div class=\"elementor-element elementor-element-18a4aa0 elementor-widget elementor-widget-text-editor\" data-id=\"18a4aa0\" data-element_type=\"widget\" data-widget_type=\"text-editor.default\">\n\t\t\t\t<div class=\"elementor-widget-container\">\n\t\t\t\t\t\t\t\t\t<p>Desde hace m\u00e1s de 30 a\u00f1os, La Fundaci\u00f3n Florencio P\u00e9rez apoya f\u00edsica, moral e intelectualmente, la formaci\u00f3n de j\u00f3venes,para prevenir consumos problem\u00e1ticos, transmitiendo esperanzas de superaci\u00f3n personal, integraci\u00f3n e inclusi\u00f3n, a estas nuevas generaciones.<\/p><p>La Fundaci\u00f3n financia <strong>capacitaciones en oficios<\/strong> desde el a\u00f1o 2011. Durante esos a\u00f1os, ha posibilitado la realizaci\u00f3n de 120 cursos en distintas disciplinas con salida laboral inmediata, egresando 2.500 j\u00f3venes de estos cursos que se realizan en los <strong>clubes de barrio del Gran La Plata<\/strong>, con quienes tambi\u00e9n la Fundaci\u00f3n colabora, dada la importante tarea social que llevan adelante.<\/p><p>La Fundaci\u00f3n, trabaja activamente en la <strong>prevenci\u00f3n de consumos problem\u00e1ticos<\/strong>, realizando seminarios y jornadas de prevenci\u00f3n en distintas instituciones y clubes que tienen como destinatarios a j\u00f3venes, a directivos, a docentes y entrenadores.<\/p><p>Asimismo colabora con programas que tengan por objeto asegurar la escolaridad o que tengan la posibilidad de conocer la ciudad donde viven, como son el programa del <strong>Rondin del Colegio Nacional y el de visitas al Estadio Ciudad de La Plata<\/strong>.<\/p><p>En la cena anual, los asistentes realizan donaciones destinadas a <strong>distintos centros de salud de la regi\u00f3n<\/strong> y con estos aportes se han equipado con \u00faltima tecnolog\u00eda a los nosocomios.<\/p><p>Esto y mucho m\u00e1s es la Fundaci\u00f3n Florencio P\u00e9rez \u00a1Conocenos y sumate!<\/p>\t\t\t\t\t\t\t\t<\/div>\n\t\t\t\t<\/div>\n\t\t\t\t<\/div>\n\t\t\t\t<div class=\"elementor-element elementor-element-ba23f3c elementor-widget elementor-widget-image-gallery\" data-id=\"ba23f3c\" data-element_type=\"widget\" data-widget_type=\"image-gallery.default\">\n\t\t\t\t<div class=\"elementor-widget-container\">\n\t\t\t\t\t\t\t<div class=\"elementor-image-gallery\">\n\t\t\t<div id='gallery-1' class='gallery galleryid-6047 gallery-columns-2 gallery-size-thumbnail'><figure class='gallery-item'>\n\t\t\t<div class='gallery-icon landscape'>\n\t\t\t\t<a data-elementor-open-lightbox=\"yes\" data-elementor-lightbox-slideshow=\"ba23f3c\" data-elementor-lightbox-title=\"FB_IMG_1606153224860\" data-e-action-hash=\"#elementor-action%3Aaction%3Dlightbox%26settings%3DeyJpZCI6NjA1NCwidXJsIjoiaHR0cHM6XC9cL2Zsb3JlbmNpb3BlcmV6Lm9yZ1wvd3AtY29udGVudFwvdXBsb2Fkc1wvMjAyNFwvMDNcL0ZCX0lNR18xNjA2MTUzMjI0ODYwLmpwZyIsInNsaWRlc2hvdyI6ImJhMjNmM2MifQ%3D%3D\" href='https:\/\/florencioperez.org\/wp-content\/uploads\/2024\/03\/FB_IMG_1606153224860.jpg'><img decoding=\"async\" width=\"150\" height=\"150\" src=\"https:\/\/florencioperez.org\/wp-content\/uploads\/2024\/03\/FB_IMG_1606153224860-150x150.jpg\" class=\"attachment-thumbnail size-thumbnail\" alt=\"\" srcset=\"https:\/\/florencioperez.org\/wp-content\/uploads\/2024\/03\/FB_IMG_1606153224860-150x150.jpg 150w, https:\/\/florencioperez.org\/wp-content\/uploads\/2024\/03\/FB_IMG_1606153224860-300x300.jpg 300w\" sizes=\"(max-width: 150px) 100vw, 150px\" \/><\/a>\n\t\t\t<\/div><\/figure><figure class='gallery-item'>\n\t\t\t<div class='gallery-icon landscape'>\n\t\t\t\t<a data-elementor-open-lightbox=\"yes\" data-elementor-lightbox-slideshow=\"ba23f3c\" data-elementor-lightbox-title=\"1595306766991\" data-e-action-hash=\"#elementor-action%3Aaction%3Dlightbox%26settings%3DeyJpZCI6NjA1MywidXJsIjoiaHR0cHM6XC9cL2Zsb3JlbmNpb3BlcmV6Lm9yZ1wvd3AtY29udGVudFwvdXBsb2Fkc1wvMjAyNFwvMDNcLzE1OTUzMDY3NjY5OTEuanBnIiwic2xpZGVzaG93IjoiYmEyM2YzYyJ9\" href='https:\/\/florencioperez.org\/wp-content\/uploads\/2024\/03\/1595306766991.jpg'><img decoding=\"async\" width=\"150\" height=\"150\" src=\"https:\/\/florencioperez.org\/wp-content\/uploads\/2024\/03\/1595306766991-150x150.jpg\" class=\"attachment-thumbnail size-thumbnail\" alt=\"\" srcset=\"https:\/\/florencioperez.org\/wp-content\/uploads\/2024\/03\/1595306766991-150x150.jpg 150w, https:\/\/florencioperez.org\/wp-content\/uploads\/2024\/03\/1595306766991-300x300.jpg 300w\" sizes=\"(max-width: 150px) 100vw, 150px\" \/><\/a>\n\t\t\t<\/div><\/figure><figure class='gallery-item'>\n\t\t\t<div class='gallery-icon landscape'>\n\t\t\t\t<a data-elementor-open-lightbox=\"yes\" data-elementor-lightbox-slideshow=\"ba23f3c\" data-elementor-lightbox-title=\"IMG-20190401-WA0044\" data-e-action-hash=\"#elementor-action%3Aaction%3Dlightbox%26settings%3DeyJpZCI6NjA1NSwidXJsIjoiaHR0cHM6XC9cL2Zsb3JlbmNpb3BlcmV6Lm9yZ1wvd3AtY29udGVudFwvdXBsb2Fkc1wvMjAyNFwvMDNcL0lNRy0yMDE5MDQwMS1XQTAwNDQuanBnIiwic2xpZGVzaG93IjoiYmEyM2YzYyJ9\" href='https:\/\/florencioperez.org\/wp-content\/uploads\/2024\/03\/IMG-20190401-WA0044.jpg'><img decoding=\"async\" width=\"150\" height=\"150\" src=\"https:\/\/florencioperez.org\/wp-content\/uploads\/2024\/03\/IMG-20190401-WA0044-150x150.jpg\" class=\"attachment-thumbnail size-thumbnail\" alt=\"\" srcset=\"https:\/\/florencioperez.org\/wp-content\/uploads\/2024\/03\/IMG-20190401-WA0044-150x150.jpg 150w, https:\/\/florencioperez.org\/wp-content\/uploads\/2024\/03\/IMG-20190401-WA0044-300x300.jpg 300w\" sizes=\"(max-width: 150px) 100vw, 150px\" \/><\/a>\n\t\t\t<\/div><\/figure><figure class='gallery-item'>\n\t\t\t<div class='gallery-icon landscape'>\n\t\t\t\t<a data-elementor-open-lightbox=\"yes\" data-elementor-lightbox-slideshow=\"ba23f3c\" data-elementor-lightbox-title=\"IMG-20190401-WA0054\" data-e-action-hash=\"#elementor-action%3Aaction%3Dlightbox%26settings%3DeyJpZCI6NjA1NiwidXJsIjoiaHR0cHM6XC9cL2Zsb3JlbmNpb3BlcmV6Lm9yZ1wvd3AtY29udGVudFwvdXBsb2Fkc1wvMjAyNFwvMDNcL0lNRy0yMDE5MDQwMS1XQTAwNTQuanBnIiwic2xpZGVzaG93IjoiYmEyM2YzYyJ9\" href='https:\/\/florencioperez.org\/wp-content\/uploads\/2024\/03\/IMG-20190401-WA0054.jpg'><img loading=\"lazy\" decoding=\"async\" width=\"150\" height=\"150\" src=\"https:\/\/florencioperez.org\/wp-content\/uploads\/2024\/03\/IMG-20190401-WA0054-150x150.jpg\" class=\"attachment-thumbnail size-thumbnail\" alt=\"\" srcset=\"https:\/\/florencioperez.org\/wp-content\/uploads\/2024\/03\/IMG-20190401-WA0054-150x150.jpg 150w, https:\/\/florencioperez.org\/wp-content\/uploads\/2024\/03\/IMG-20190401-WA0054-300x300.jpg 300w\" sizes=\"(max-width: 150px) 100vw, 150px\" \/><\/a>\n\t\t\t<\/div><\/figure><figure class='gallery-item'>\n\t\t\t<div class='gallery-icon landscape'>\n\t\t\t\t<a data-elementor-open-lightbox=\"yes\" data-elementor-lightbox-slideshow=\"ba23f3c\" data-elementor-lightbox-title=\"IMG-20190916-WA0063\" data-e-action-hash=\"#elementor-action%3Aaction%3Dlightbox%26settings%3DeyJpZCI6NjA1NywidXJsIjoiaHR0cHM6XC9cL2Zsb3JlbmNpb3BlcmV6Lm9yZ1wvd3AtY29udGVudFwvdXBsb2Fkc1wvMjAyNFwvMDNcL0lNRy0yMDE5MDkxNi1XQTAwNjMuanBnIiwic2xpZGVzaG93IjoiYmEyM2YzYyJ9\" href='https:\/\/florencioperez.org\/wp-content\/uploads\/2024\/03\/IMG-20190916-WA0063.jpg'><img loading=\"lazy\" decoding=\"async\" width=\"150\" height=\"150\" src=\"https:\/\/florencioperez.org\/wp-content\/uploads\/2024\/03\/IMG-20190916-WA0063-150x150.jpg\" class=\"attachment-thumbnail size-thumbnail\" alt=\"\" srcset=\"https:\/\/florencioperez.org\/wp-content\/uploads\/2024\/03\/IMG-20190916-WA0063-150x150.jpg 150w, https:\/\/florencioperez.org\/wp-content\/uploads\/2024\/03\/IMG-20190916-WA0063-300x300.jpg 300w\" sizes=\"(max-width: 150px) 100vw, 150px\" \/><\/a>\n\t\t\t<\/div><\/figure><figure class='gallery-item'>\n\t\t\t<div class='gallery-icon landscape'>\n\t\t\t\t<a data-elementor-open-lightbox=\"yes\" data-elementor-lightbox-slideshow=\"ba23f3c\" data-elementor-lightbox-title=\"news_2018_2\" data-e-action-hash=\"#elementor-action%3Aaction%3Dlightbox%26settings%3DeyJpZCI6NjA1OCwidXJsIjoiaHR0cHM6XC9cL2Zsb3JlbmNpb3BlcmV6Lm9yZ1wvd3AtY29udGVudFwvdXBsb2Fkc1wvMjAyNFwvMDNcL25ld3NfMjAxOF8yLmpwZyIsInNsaWRlc2hvdyI6ImJhMjNmM2MifQ%3D%3D\" href='https:\/\/florencioperez.org\/wp-content\/uploads\/2024\/03\/news_2018_2.jpg'><img loading=\"lazy\" decoding=\"async\" width=\"150\" height=\"150\" src=\"https:\/\/florencioperez.org\/wp-content\/uploads\/2024\/03\/news_2018_2-150x150.jpg\" class=\"attachment-thumbnail size-thumbnail\" alt=\"\" srcset=\"https:\/\/florencioperez.org\/wp-content\/uploads\/2024\/03\/news_2018_2-150x150.jpg 150w, https:\/\/florencioperez.org\/wp-content\/uploads\/2024\/03\/news_2018_2-300x300.jpg 300w\" sizes=\"(max-width: 150px) 100vw, 150px\" \/><\/a>\n\t\t\t<\/div><\/figure>\n\t\t<\/div>\n\t\t<\/div>\n\t\t\t\t\t\t<\/div>\n\t\t\t\t<\/div>\n\t\t\t\t\t<\/div>\n\t\t\t\t<\/div>\n\t\t<div class=\"elementor-element elementor-element-61f2627 e-flex e-con-boxed e-con e-parent\" data-id=\"61f2627\" data-element_type=\"container\" data-settings=\"{&quot;background_background&quot;:&quot;classic&quot;}\">\n\t\t\t\t\t<div class=\"e-con-inner\">\n\t\t<div class=\"elementor-element elementor-element-0ea1bfc e-con-full e-flex e-con e-child\" data-id=\"0ea1bfc\" data-element_type=\"container\">\n\t\t\t\t<div class=\"elementor-element elementor-element-e73dceb elementor-widget elementor-widget-image\" data-id=\"e73dceb\" data-element_type=\"widget\" data-widget_type=\"image.default\">\n\t\t\t\t<div class=\"elementor-widget-container\">\n\t\t\t\t\t\t\t\t\t\t\t\t\t\t\t<img loading=\"lazy\" decoding=\"async\" width=\"640\" height=\"400\" src=\"https:\/\/florencioperez.org\/wp-content\/uploads\/2024\/03\/TECHO_Universidad-cientifica_UCSUR-1024x640.jpg\" class=\"attachment-large size-large wp-image-6063\" alt=\"\" srcset=\"https:\/\/florencioperez.org\/wp-content\/uploads\/2024\/03\/TECHO_Universidad-cientifica_UCSUR-1024x640.jpg 1024w, https:\/\/florencioperez.org\/wp-content\/uploads\/2024\/03\/TECHO_Universidad-cientifica_UCSUR-300x188.jpg 300w, https:\/\/florencioperez.org\/wp-content\/uploads\/2024\/03\/TECHO_Universidad-cientifica_UCSUR-768x480.jpg 768w, https:\/\/florencioperez.org\/wp-content\/uploads\/2024\/03\/TECHO_Universidad-cientifica_UCSUR-600x375.jpg 600w, https:\/\/florencioperez.org\/wp-content\/uploads\/2024\/03\/TECHO_Universidad-cientifica_UCSUR.jpg 1280w\" sizes=\"(max-width: 640px) 100vw, 640px\" \/>\t\t\t\t\t\t\t\t\t\t\t\t\t\t\t<\/div>\n\t\t\t\t<\/div>\n\t\t\t\t<\/div>\n\t\t<div class=\"elementor-element elementor-element-e1e2685 e-con-full e-flex e-con e-child\" data-id=\"e1e2685\" data-element_type=\"container\">\n\t\t\t\t<div class=\"elementor-element elementor-element-11669e6 elementor-widget elementor-widget-heading\" data-id=\"11669e6\" data-element_type=\"widget\" data-widget_type=\"heading.default\">\n\t\t\t\t<div class=\"elementor-widget-container\">\n\t\t\t\t\t<h2 class=\"elementor-heading-title elementor-size-default\">Nuestra Historia<\/h2>\t\t\t\t<\/div>\n\t\t\t\t<\/div>\n\t\t\t\t<div class=\"elementor-element elementor-element-38f8810 elementor-widget elementor-widget-text-editor\" data-id=\"38f8810\" data-element_type=\"widget\" data-widget_type=\"text-editor.default\">\n\t\t\t\t<div class=\"elementor-widget-container\">\n\t\t\t\t\t\t\t\t\t<p>La Fundaci\u00f3n Florencio P\u00e9rez fue creada a mediados de 1990 por un grupo platense decididos a dotar a la ciudad de La Plata de Centros e Institutos de primer orden en todo lo referente a la formaci\u00f3n f\u00edsica, intelectual y moral de los j\u00f3venes y colaborar en forma activa en la lucha contra la drogadependencia.<\/p><p>El nombre que lleva la Fundaci\u00f3n un homenaje a Florencio P\u00e9rez(1903 \u2013 1967), quien desarroll\u00f3 a lo largo de su vida una labor fecunda y vital.<\/p>\t\t\t\t\t\t\t\t<\/div>\n\t\t\t\t<\/div>\n\t\t\t\t<div class=\"elementor-element elementor-element-86cb33f elementor-widget-divider--view-line elementor-widget elementor-widget-divider\" data-id=\"86cb33f\" data-element_type=\"widget\" data-widget_type=\"divider.default\">\n\t\t\t\t<div class=\"elementor-widget-container\">\n\t\t\t\t\t\t\t<div class=\"elementor-divider\">\n\t\t\t<span class=\"elementor-divider-separator\">\n\t\t\t\t\t\t<\/span>\n\t\t<\/div>\n\t\t\t\t\t\t<\/div>\n\t\t\t\t<\/div>\n\t\t\t\t<div class=\"elementor-element elementor-element-4e1c3f8 elementor-widget elementor-widget-text-editor\" data-id=\"4e1c3f8\" data-element_type=\"widget\" data-widget_type=\"text-editor.default\">\n\t\t\t\t<div class=\"elementor-widget-container\">\n\t\t\t\t\t\t\t\t\t<p>En esta ciudad de La Plata, donde siempre residi\u00f3 \u00abDon Florencio P\u00e9rez\u00bb, como se lo conoci\u00f3, y desarroll\u00f3 la docencia en la Escuela Nacional N\u00ba 59, a la direcci\u00f3n de la Universidad Popular \u00abAlborada\u00bb o la direcci\u00f3n de la casa de descanso de Joaqu\u00edn V. Gonz\u00e1lez, ubicada en Chilecito e el a\u00f1o 1945 _Samay Huasi- a ser el Secretario de la Facultad de Medicina y al cargo del Decanato, Secretario de la Escuela de Bellas Artes y del Colegio Nacional de la UNLP, donde innumerables alumnos del mismo lo recuerdan a trav\u00e9s de los a\u00f1os.<\/p><p>Luchador infatigable de las m\u00e1s diversas Instituciones de nuestra ciudad y a todas aport\u00f3 el sello inconfundible de su trabajo: as\u00ed lo vieron el Centro Cultural Bartolom\u00e9 Mitre, la Biblioteca Francisco Legarra, la Cooperativa Escolar de Consumo de La Plata y tantas otras. Tambi\u00e9n IDANI (Instituto de Ayuda al Ni\u00f1o Irregular), la Asociaci\u00f3n de Ayuda a la Ancianidad, la Comisi\u00f3n Pro Hogar Municipal, la Comisi\u00f3n Asesora del Museo Almafuerte, la Comisi\u00f3n Cooperadora del Hospital de Ni\u00f1os, etc., supieron contarlo entre aquellos que donan su tiempo y su esfuerzo en pro de la solidaridad social. Tuvo tambi\u00e9n actuaci\u00f3n como Concejal en la Municipalidad de La Plata 1958-1962) y en 1963 ejerci\u00f3 el cargo honorario de Comisionado Escolar del Distrito de La Plata por elecci\u00f3n de las 114 Cooperadoras de otras tantas escuelas del Distrito. Fue Consejero Escolar por la secci\u00f3n local y organiz\u00f3 desde ese puesto el primer jard\u00edn de infantes municipal en un predio que \u00e9l mismo donara a la Comuna.<\/p><p>Todo lo anterior y mucho m\u00e1s que de \u00e9l pueda decirse a trav\u00e9s de los a\u00f1os de su actuaci\u00f3n p\u00fablica y privada pueden quedar plasmados en lo que fuera su rasgo distintivo desde su juventud: el invalorable apoyo a todos aquellos que, por los motivos que fueran, necesitan de una labor continuada, tenaz y muchas veces silenciosa para mejorar su situaci\u00f3n, para paliar sus sufrimientos, para hacer realidad muchas esperanzas de vida.<\/p>\t\t\t\t\t\t\t\t<\/div>\n\t\t\t\t<\/div>\n\t\t\t\t<\/div>\n\t\t\t\t\t<\/div>\n\t\t\t\t<\/div>\n\t\t<div class=\"elementor-element elementor-element-eecd16b e-flex e-con-boxed e-con e-parent\" data-id=\"eecd16b\" data-element_type=\"container\" data-settings=\"{&quot;background_background&quot;:&quot;classic&quot;}\">\n\t\t\t\t\t<div class=\"e-con-inner\">\n\t\t\t\t<div class=\"elementor-element elementor-element-f2dafb2 elementor-widget elementor-widget-heading\" data-id=\"f2dafb2\" data-element_type=\"widget\" data-widget_type=\"heading.default\">\n\t\t\t\t<div class=\"elementor-widget-container\">\n\t\t\t\t\t<h2 class=\"elementor-heading-title elementor-size-default\">\n\nLa Fundaci\u00f3n Florencio P\u00e9rez apoya la formaci\u00f3n intelectual, f\u00edsica y moral de los j\u00f3venes, como forma de luchar contra adicciones a las que pudieran estar expuestos. PREVENCION es el objetivo primordial de la Fundaci\u00f3n y la meta es alcanzar una sociedad m\u00e1s inclusiva, educada y libre de adicciones, dando oportunidades a la poblaci\u00f3n\n<\/h2>\t\t\t\t<\/div>\n\t\t\t\t<\/div>\n\t\t\t\t\t<\/div>\n\t\t\t\t<\/div>\n\t\t\t\t<\/div>\n\t\t","protected":false},"excerpt":{"rendered":"<p>Acerca de nosotros Desde hace m\u00e1s de 30 a\u00f1os, La Fundaci\u00f3n Florencio P\u00e9rez apoya f\u00edsica, moral e intelectualmente, la formaci\u00f3n de j\u00f3venes,para prevenir consumos problem\u00e1ticos, transmitiendo esperanzas de superaci\u00f3n personal, integraci\u00f3n e inclusi\u00f3n, a estas nuevas generaciones. La Fundaci\u00f3n financia capacitaciones en oficios desde el a\u00f1o 2011. Durante esos a\u00f1os, ha posibilitado la realizaci\u00f3n de [&hellip;]<\/p>\n","protected":false},"author":1,"featured_media":0,"parent":0,"menu_order":0,"comment_status":"closed","ping_status":"closed","template":"","meta":{"footnotes":""},"class_list":["post-6047","page","type-page","status-publish","hentry"],"_links":{"self":[{"href":"https:\/\/florencioperez.org\/index.php\/wp-json\/wp\/v2\/pages\/6047","targetHints":{"allow":["GET"]}}],"collection":[{"href":"https:\/\/florencioperez.org\/index.php\/wp-json\/wp\/v2\/pages"}],"about":[{"href":"https:\/\/florencioperez.org\/index.php\/wp-json\/wp\/v2\/types\/page"}],"author":[{"embeddable":true,"href":"https:\/\/florencioperez.org\/index.php\/wp-json\/wp\/v2\/users\/1"}],"replies":[{"embeddable":true,"href":"https:\/\/florencioperez.org\/index.php\/wp-json\/wp\/v2\/comments?post=6047"}],"version-history":[{"count":34,"href":"https:\/\/florencioperez.org\/index.php\/wp-json\/wp\/v2\/pages\/6047\/revisions"}],"predecessor-version":[{"id":6090,"href":"https:\/\/florencioperez.org\/index.php\/wp-json\/wp\/v2\/pages\/6047\/revisions\/6090"}],"wp:attachment":[{"href":"https:\/\/florencioperez.org\/index.php\/wp-json\/wp\/v2\/media?parent=6047"}],"curies":[{"name":"wp","href":"https:\/\/api.w.org\/{rel}","templated":true}]}}