{"id":6039,"date":"2024-03-06T02:24:08","date_gmt":"2024-03-06T05:24:08","guid":{"rendered":"https:\/\/florencioperez.org\/?page_id=6039"},"modified":"2025-03-06T16:19:25","modified_gmt":"2025-03-06T19:19:25","slug":"otros-programas","status":"publish","type":"page","link":"https:\/\/florencioperez.org\/index.php\/otros-programas\/","title":{"rendered":"Otros programas"},"content":{"rendered":"\t\t<div data-elementor-type=\"wp-page\" data-elementor-id=\"6039\" class=\"elementor elementor-6039\">\n\t\t\t\t<div class=\"elementor-element elementor-element-00966cf e-flex e-con-boxed e-con e-parent\" data-id=\"00966cf\" data-element_type=\"container\">\n\t\t\t\t\t<div class=\"e-con-inner\">\n\t\t<div class=\"elementor-element elementor-element-c74e95d e-con-full e-flex e-con e-child\" data-id=\"c74e95d\" data-element_type=\"container\">\n\t\t\t\t<div class=\"elementor-element elementor-element-8fd523a elementor-widget elementor-widget-text-editor\" data-id=\"8fd523a\" data-element_type=\"widget\" data-widget_type=\"text-editor.default\">\n\t\t\t\t<div class=\"elementor-widget-container\">\n\t\t\t\t\t\t\t\t\t\n\nDise\u00f1ados para Clubes e Instituciones del Gran La Plata. Creemos que es vital que deportistas, entrenadores y directivos conozcan y aprendan las t\u00e9cnicas de RCP.\n\n\nCada curso tiene 2 horas de duraci\u00f3n, es te\u00f3rico\npr\u00e1ctico y dictado por m\u00e9dicos especializados en la\nmateria. Se llevan a cabo en cada sede del Club\ninscripto.\n\n\ud83d\udc64Dirigido a deportistas de m\u00e1s de 14 a\u00f1os y cuerpo\ndirectivo y\/o entrenadores.\n\nSi quer\u00e9s agendar a tu instituci\u00f3n escribinos a info@florencioperez.org\no mensaje de whattsapp al 2214591364\n\t\t\t\t\t\t\t\t<\/div>\n\t\t\t\t<\/div>\n\t\t\t\t<\/div>\n\t\t<div class=\"elementor-element elementor-element-424b46a e-con-full e-flex e-con e-child\" data-id=\"424b46a\" data-element_type=\"container\">\n\t\t\t\t<div class=\"elementor-element elementor-element-356f5bd elementor-widget elementor-widget-image\" data-id=\"356f5bd\" data-element_type=\"widget\" data-widget_type=\"image.default\">\n\t\t\t\t<div class=\"elementor-widget-container\">\n\t\t\t\t\t\t\t\t\t\t\t\t\t\t\t<img fetchpriority=\"high\" decoding=\"async\" width=\"640\" height=\"436\" src=\"https:\/\/florencioperez.org\/wp-content\/uploads\/2022\/02\/FP_CursoRCP-01-900x613-1.jpg\" class=\"attachment-large size-large wp-image-5912\" alt=\"\" srcset=\"https:\/\/florencioperez.org\/wp-content\/uploads\/2022\/02\/FP_CursoRCP-01-900x613-1.jpg 900w, https:\/\/florencioperez.org\/wp-content\/uploads\/2022\/02\/FP_CursoRCP-01-900x613-1-300x204.jpg 300w, https:\/\/florencioperez.org\/wp-content\/uploads\/2022\/02\/FP_CursoRCP-01-900x613-1-768x523.jpg 768w, https:\/\/florencioperez.org\/wp-content\/uploads\/2022\/02\/FP_CursoRCP-01-900x613-1-600x409.jpg 600w\" sizes=\"(max-width: 640px) 100vw, 640px\" \/>\t\t\t\t\t\t\t\t\t\t\t\t\t\t\t<\/div>\n\t\t\t\t<\/div>\n\t\t\t\t<\/div>\n\t\t\t\t\t<\/div>\n\t\t\t\t<\/div>\n\t\t<div class=\"elementor-element elementor-element-b78e599 e-flex e-con-boxed e-con e-parent\" data-id=\"b78e599\" data-element_type=\"container\">\n\t\t\t\t\t<div class=\"e-con-inner\">\n\t\t<div class=\"elementor-element elementor-element-e121314 e-con-full e-flex e-con e-child\" data-id=\"e121314\" data-element_type=\"container\">\n\t\t\t\t<div class=\"elementor-element elementor-element-196da07 elementor-widget elementor-widget-text-editor\" data-id=\"196da07\" data-element_type=\"widget\" data-widget_type=\"text-editor.default\">\n\t\t\t\t<div class=\"elementor-widget-container\">\n\t\t\t\t\t\t\t\t\t\n\nDurante 2021 se dictaron distintos cursos sin costo para los participantes y se desarrollaron a trav\u00e9s de la plataforma Zoom. Estuvo  dirigida a dirigentes de instituciones deportivas, sociales y comunitarias de La Plata. Se entregar\u00e1n certificados a quienes asistan.\n\nAlgunos de ellos fueron:\n\u201cLos clubes como redes de prevenci\u00f3n en consumos problem\u00e1ticos\u201d, \u201cNarcomenude en los barrios\u201d, \u201cPrevenci\u00f3n en el \u00e1mbito de la comunidad\u201d, entre otros.\n\t\t\t\t\t\t\t\t<\/div>\n\t\t\t\t<\/div>\n\t\t\t\t<\/div>\n\t\t<div class=\"elementor-element elementor-element-601458e e-con-full e-flex e-con e-child\" data-id=\"601458e\" data-element_type=\"container\">\n\t\t\t\t<div class=\"elementor-element elementor-element-dd8cbae elementor-widget elementor-widget-image\" data-id=\"dd8cbae\" data-element_type=\"widget\" data-widget_type=\"image.default\">\n\t\t\t\t<div class=\"elementor-widget-container\">\n\t\t\t\t\t\t\t\t\t\t\t\t\t\t\t<img decoding=\"async\" width=\"640\" height=\"640\" src=\"https:\/\/florencioperez.org\/wp-content\/uploads\/2024\/04\/WhatsApp-Image-2021-10-18-at-14.08.15-768x768.jpeg\" class=\"attachment-medium_large size-medium_large wp-image-6159\" alt=\"\" srcset=\"https:\/\/florencioperez.org\/wp-content\/uploads\/2024\/04\/WhatsApp-Image-2021-10-18-at-14.08.15-768x768.jpeg 768w, https:\/\/florencioperez.org\/wp-content\/uploads\/2024\/04\/WhatsApp-Image-2021-10-18-at-14.08.15-300x300.jpeg 300w, https:\/\/florencioperez.org\/wp-content\/uploads\/2024\/04\/WhatsApp-Image-2021-10-18-at-14.08.15-1024x1024.jpeg 1024w, https:\/\/florencioperez.org\/wp-content\/uploads\/2024\/04\/WhatsApp-Image-2021-10-18-at-14.08.15-150x150.jpeg 150w, https:\/\/florencioperez.org\/wp-content\/uploads\/2024\/04\/WhatsApp-Image-2021-10-18-at-14.08.15-600x600.jpeg 600w, https:\/\/florencioperez.org\/wp-content\/uploads\/2024\/04\/WhatsApp-Image-2021-10-18-at-14.08.15.jpeg 1500w\" sizes=\"(max-width: 640px) 100vw, 640px\" \/>\t\t\t\t\t\t\t\t\t\t\t\t\t\t\t<\/div>\n\t\t\t\t<\/div>\n\t\t\t\t<\/div>\n\t\t\t\t\t<\/div>\n\t\t\t\t<\/div>\n\t\t<div class=\"elementor-element elementor-element-5f47630 e-flex e-con-boxed e-con e-parent\" data-id=\"5f47630\" data-element_type=\"container\">\n\t\t\t\t\t<div class=\"e-con-inner\">\n\t\t<div class=\"elementor-element elementor-element-077f4ec e-con-full e-flex e-con e-child\" data-id=\"077f4ec\" data-element_type=\"container\">\n\t\t\t\t<div class=\"elementor-element elementor-element-0e51f57 elementor-widget elementor-widget-text-editor\" data-id=\"0e51f57\" data-element_type=\"widget\" data-widget_type=\"text-editor.default\">\n\t\t\t\t<div class=\"elementor-widget-container\">\n\t\t\t\t\t\t\t\t\t\n\nLas autoridades del Estadio Ciudad de La Plata junto a la Fundaci\u00f3n Florencio P\u00e9rez hicieron posible que j\u00f3venes deportistas del Club Alumni de Los Hornos presenciaran el partido de Estudiantes y San Mart\u00edn de Tucum\u00e1n. \u00a1Disfrutaron mucho del partido y de conocer el Estadio!\n\t\t\t\t\t\t\t\t<\/div>\n\t\t\t\t<\/div>\n\t\t\t\t<\/div>\n\t\t<div class=\"elementor-element elementor-element-83282f7 e-con-full e-flex e-con e-child\" data-id=\"83282f7\" data-element_type=\"container\">\n\t\t\t\t<div class=\"elementor-element elementor-element-cab0b1f elementor-widget elementor-widget-image\" data-id=\"cab0b1f\" data-element_type=\"widget\" data-widget_type=\"image.default\">\n\t\t\t\t<div class=\"elementor-widget-container\">\n\t\t\t\t\t\t\t\t\t\t\t\t\t\t\t<img decoding=\"async\" width=\"640\" height=\"480\" src=\"https:\/\/florencioperez.org\/wp-content\/uploads\/2024\/03\/IMG-20190401-WA0044-1024x768.jpg\" class=\"attachment-large size-large wp-image-6055\" alt=\"\" srcset=\"https:\/\/florencioperez.org\/wp-content\/uploads\/2024\/03\/IMG-20190401-WA0044-1024x768.jpg 1024w, https:\/\/florencioperez.org\/wp-content\/uploads\/2024\/03\/IMG-20190401-WA0044-300x225.jpg 300w, https:\/\/florencioperez.org\/wp-content\/uploads\/2024\/03\/IMG-20190401-WA0044-768x576.jpg 768w, https:\/\/florencioperez.org\/wp-content\/uploads\/2024\/03\/IMG-20190401-WA0044-600x450.jpg 600w, https:\/\/florencioperez.org\/wp-content\/uploads\/2024\/03\/IMG-20190401-WA0044.jpg 1280w\" sizes=\"(max-width: 640px) 100vw, 640px\" \/>\t\t\t\t\t\t\t\t\t\t\t\t\t\t\t<\/div>\n\t\t\t\t<\/div>\n\t\t\t\t<\/div>\n\t\t\t\t\t<\/div>\n\t\t\t\t<\/div>\n\t\t<div class=\"elementor-element elementor-element-1c1b17c e-flex e-con-boxed e-con e-parent\" data-id=\"1c1b17c\" data-element_type=\"container\">\n\t\t\t\t\t<div class=\"e-con-inner\">\n\t\t<div class=\"elementor-element elementor-element-4b4ff86 e-con-full e-flex e-con e-child\" data-id=\"4b4ff86\" data-element_type=\"container\">\n\t\t\t\t<div class=\"elementor-element elementor-element-c7580ea elementor-widget elementor-widget-text-editor\" data-id=\"c7580ea\" data-element_type=\"widget\" data-widget_type=\"text-editor.default\">\n\t\t\t\t<div class=\"elementor-widget-container\">\n\t\t\t\t\t\t\t\t\tDurante los ciclos lectivos presenciales, funciona a cargo de la Fundaci\u00f3n Florencio P\u00e9rez,  un Rond\u00edn que tiene por finalidad acercar a estudiantes del Colegio Nacional del turno  noche a puntos m\u00e1s cercanos a su domicilio en las afueras de La Plata y de esta forma evitar deserciones en la m\u00e1tr\u00edcula. Los j\u00f3venes estudiantes, realizan un bachillerato en Saneamiento y Gesti\u00f3n Ambiental. Esta modalidad de ense\u00f1anza coordinada por autoridades del Colegio con escuelas de la periferia de La Plata y la Facultad de Ingenier\u00eda.\t\t\t\t\t\t\t\t<\/div>\n\t\t\t\t<\/div>\n\t\t\t\t<\/div>\n\t\t<div class=\"elementor-element elementor-element-6bf5a95 e-con-full e-flex e-con e-child\" data-id=\"6bf5a95\" data-element_type=\"container\">\n\t\t\t\t<\/div>\n\t\t\t\t\t<\/div>\n\t\t\t\t<\/div>\n\t\t\t\t<\/div>\n\t\t","protected":false},"excerpt":{"rendered":"<p>Dise\u00f1ados para Clubes e Instituciones del Gran La Plata. Creemos que es vital que deportistas, entrenadores y directivos conozcan y aprendan las t\u00e9cnicas de RCP. Cada curso tiene 2 horas de duraci\u00f3n, es te\u00f3rico pr\u00e1ctico y dictado por m\u00e9dicos especializados en la materia. Se llevan a cabo en cada sede del Club inscripto. \ud83d\udc64Dirigido a [&hellip;]<\/p>\n","protected":false},"author":1,"featured_media":0,"parent":0,"menu_order":0,"comment_status":"closed","ping_status":"closed","template":"","meta":{"footnotes":""},"class_list":["post-6039","page","type-page","status-publish","hentry"],"_links":{"self":[{"href":"https:\/\/florencioperez.org\/index.php\/wp-json\/wp\/v2\/pages\/6039","targetHints":{"allow":["GET"]}}],"collection":[{"href":"https:\/\/florencioperez.org\/index.php\/wp-json\/wp\/v2\/pages"}],"about":[{"href":"https:\/\/florencioperez.org\/index.php\/wp-json\/wp\/v2\/types\/page"}],"author":[{"embeddable":true,"href":"https:\/\/florencioperez.org\/index.php\/wp-json\/wp\/v2\/users\/1"}],"replies":[{"embeddable":true,"href":"https:\/\/florencioperez.org\/index.php\/wp-json\/wp\/v2\/comments?post=6039"}],"version-history":[{"count":7,"href":"https:\/\/florencioperez.org\/index.php\/wp-json\/wp\/v2\/pages\/6039\/revisions"}],"predecessor-version":[{"id":6292,"href":"https:\/\/florencioperez.org\/index.php\/wp-json\/wp\/v2\/pages\/6039\/revisions\/6292"}],"wp:attachment":[{"href":"https:\/\/florencioperez.org\/index.php\/wp-json\/wp\/v2\/media?parent=6039"}],"curies":[{"name":"wp","href":"https:\/\/api.w.org\/{rel}","templated":true}]}}