{"id":5986,"date":"2024-03-05T22:12:09","date_gmt":"2024-03-06T01:12:09","guid":{"rendered":"https:\/\/florencioperez.org\/?page_id=5986"},"modified":"2024-04-16T12:08:22","modified_gmt":"2024-04-16T15:08:22","slug":"capacitaciones","status":"publish","type":"page","link":"https:\/\/florencioperez.org\/index.php\/capacitaciones\/","title":{"rendered":"Capacitaciones"},"content":{"rendered":"\t\t<div data-elementor-type=\"wp-page\" data-elementor-id=\"5986\" class=\"elementor elementor-5986\">\n\t\t\t\t<div class=\"elementor-element elementor-element-00966cf e-flex e-con-boxed e-con e-parent\" data-id=\"00966cf\" data-element_type=\"container\">\n\t\t\t\t\t<div class=\"e-con-inner\">\n\t\t<div class=\"elementor-element elementor-element-c74e95d e-con-full e-flex e-con e-child\" data-id=\"c74e95d\" data-element_type=\"container\">\n\t\t\t\t<div class=\"elementor-element elementor-element-1182d85 elementor-widget elementor-widget-ct_banner\" data-id=\"1182d85\" data-element_type=\"widget\" data-widget_type=\"ct_banner.default\">\n\t\t\t\t<div class=\"elementor-widget-container\">\n\t\t\t\t\t<div class=\"ct-banner1 \" data-wow-delay=\"ms\">\r\n\t<div class=\"ct-banner-imge\">\r\n    \t<img fetchpriority=\"high\" decoding=\"async\" width=\"1024\" height=\"699\" src=\"https:\/\/florencioperez.org\/wp-content\/uploads\/2022\/12\/cursos-webs.jpg\" class=\"attachment-full size-full wp-image-5882\" alt=\"\" srcset=\"https:\/\/florencioperez.org\/wp-content\/uploads\/2022\/12\/cursos-webs.jpg 1024w, https:\/\/florencioperez.org\/wp-content\/uploads\/2022\/12\/cursos-webs-300x205.jpg 300w, https:\/\/florencioperez.org\/wp-content\/uploads\/2022\/12\/cursos-webs-768x524.jpg 768w, https:\/\/florencioperez.org\/wp-content\/uploads\/2022\/12\/cursos-webs-600x410.jpg 600w\" sizes=\"(max-width: 1024px) 100vw, 1024px\" \/>        <h3 class=\"ct-banner-title\"><\/h3>\r\n    <\/div>\r\n<\/div>\t\t\t\t<\/div>\n\t\t\t\t<\/div>\n\t\t\t\t<\/div>\n\t\t<div class=\"elementor-element elementor-element-424b46a e-con-full e-flex e-con e-child\" data-id=\"424b46a\" data-element_type=\"container\">\n\t\t\t\t<div class=\"elementor-element elementor-element-8fd523a elementor-widget elementor-widget-text-editor\" data-id=\"8fd523a\" data-element_type=\"widget\" data-widget_type=\"text-editor.default\">\n\t\t\t\t<div class=\"elementor-widget-container\">\n\t\t\t\t\t\t\t\t\t<p>Desde 2011, la Fundaci\u00f3n financia la capacitaci\u00f3n en oficios que tengan salida laboral inmediata. M\u00e1s de 150 cursos han sido financiados desde entonces con casi 2.500 egresados.<\/p><p>Los clubes de la zona son quienes facilitan sus instalaciones para el desarrollo de las capacitaciones, habiendo sido m\u00e1s de 20 los clubes donde se han llevado a cabo. Las capacitaciones est\u00e1n a cargo de la Escuela de Oficios de la Universidad Nacional de La Plata, que entrega Certificado al finalizar cada curso. As\u00ed, damos oportunidades de superaci\u00f3n y alejamos de los consumos problem\u00e1ticos a j\u00f3venes de la regi\u00f3n.<\/p>\t\t\t\t\t\t\t\t<\/div>\n\t\t\t\t<\/div>\n\t\t\t\t<\/div>\n\t\t\t\t\t<\/div>\n\t\t\t\t<\/div>\n\t\t<div class=\"elementor-element elementor-element-c62cffe e-flex e-con-boxed e-con e-parent\" data-id=\"c62cffe\" data-element_type=\"container\">\n\t\t\t\t\t<div class=\"e-con-inner\">\n\t\t\t\t<div class=\"elementor-element elementor-element-9826bdc elementor-widget elementor-widget-text-editor\" data-id=\"9826bdc\" data-element_type=\"widget\" data-widget_type=\"text-editor.default\">\n\t\t\t\t<div class=\"elementor-widget-container\">\n\t\t\t\t\t\t\t\t\t<section class=\"elementor-section elementor-top-section elementor-element elementor-element-138e15c elementor-section-boxed elementor-section-height-default elementor-section-height-default\" data-id=\"138e15c\" data-element_type=\"section\"><div class=\"elementor-container elementor-column-gap-default\"><div class=\"elementor-column elementor-col-100 elementor-top-column elementor-element elementor-element-c3ff43e\" data-id=\"c3ff43e\" data-element_type=\"column\"><div class=\"elementor-widget-wrap elementor-element-populated\"><div class=\"elementor-element elementor-element-07e6d8d elementor-widget elementor-widget-text-editor\" data-id=\"07e6d8d\" data-element_type=\"widget\" data-widget_type=\"text-editor.default\"><div class=\"elementor-widget-container\"><div class=\"gmail_quote\"><div class=\"gmail_attr\" dir=\"ltr\">En la Fundaci\u00f3n Florencio Perez estamos siempre al lado de los j\u00f3venes financiando cursos de calidad con salida laboral.<\/div><div dir=\"ltr\"><div><div><div dir=\"auto\">Durante 2023, los cursos de oficios que financiamos son: Herrer\u00eda, Refrigeraci\u00f3n, Electricidad y Reparaci\u00f3n<span class=\"gmail_default\"> de<\/span> <span class=\"gmail_default\">equipos de <\/span>Aire Acondicionado, Community Manager, Armado y reparaci\u00f3n de PC. Se llevan a cabo en el Centro Fomento Villa Elvira, Chacarita de Altos de San Lorenzo, Deportivo Villa Elisa y Comunidad Rural de Los Hornos. Los cursos los dicta la Escuela de oficios de la UNLP.<\/div><\/div><\/div><\/div><\/div><\/div><\/div><\/div><\/div><\/div><\/section>\t\t\t\t\t\t\t\t<\/div>\n\t\t\t\t<\/div>\n\t\t\t\t\t<\/div>\n\t\t\t\t<\/div>\n\t\t\t\t<\/div>\n\t\t","protected":false},"excerpt":{"rendered":"<p>Desde 2011, la Fundaci\u00f3n financia la capacitaci\u00f3n en oficios que tengan salida laboral inmediata. M\u00e1s de 150 cursos han sido financiados desde entonces con casi 2.500 egresados. Los clubes de la zona son quienes facilitan sus instalaciones para el desarrollo de las capacitaciones, habiendo sido m\u00e1s de 20 los clubes donde se han llevado a [&hellip;]<\/p>\n","protected":false},"author":1,"featured_media":0,"parent":0,"menu_order":0,"comment_status":"closed","ping_status":"closed","template":"","meta":{"footnotes":""},"class_list":["post-5986","page","type-page","status-publish","hentry"],"_links":{"self":[{"href":"https:\/\/florencioperez.org\/index.php\/wp-json\/wp\/v2\/pages\/5986","targetHints":{"allow":["GET"]}}],"collection":[{"href":"https:\/\/florencioperez.org\/index.php\/wp-json\/wp\/v2\/pages"}],"about":[{"href":"https:\/\/florencioperez.org\/index.php\/wp-json\/wp\/v2\/types\/page"}],"author":[{"embeddable":true,"href":"https:\/\/florencioperez.org\/index.php\/wp-json\/wp\/v2\/users\/1"}],"replies":[{"embeddable":true,"href":"https:\/\/florencioperez.org\/index.php\/wp-json\/wp\/v2\/comments?post=5986"}],"version-history":[{"count":10,"href":"https:\/\/florencioperez.org\/index.php\/wp-json\/wp\/v2\/pages\/5986\/revisions"}],"predecessor-version":[{"id":6102,"href":"https:\/\/florencioperez.org\/index.php\/wp-json\/wp\/v2\/pages\/5986\/revisions\/6102"}],"wp:attachment":[{"href":"https:\/\/florencioperez.org\/index.php\/wp-json\/wp\/v2\/media?parent=5986"}],"curies":[{"name":"wp","href":"https:\/\/api.w.org\/{rel}","templated":true}]}}